{"id":125,"date":"2022-12-10T21:38:31","date_gmt":"2022-12-10T21:38:31","guid":{"rendered":"https:\/\/kjellerskyteklubb.no\/wordpress\/?page_id=125"},"modified":"2022-12-10T21:39:03","modified_gmt":"2022-12-10T21:39:03","slug":"info-til-skyttere-og-skyteledere-vedrorende-domming-og-foring-avresultater-ved-klubbmesterskap","status":"publish","type":"page","link":"https:\/\/kjellerskyteklubb.no\/wordpress\/index.php\/info-til-skyttere-og-skyteledere-vedrorende-domming-og-foring-avresultater-ved-klubbmesterskap\/","title":{"rendered":"Info til skyttere og skyteledere vedr\u00f8rende d\u00f8mming og f\u00f8ring av resultater ved klubbmesterskap."},"content":{"rendered":"\n<p><\/p>\n\n\n\n<p>Vi vil informere litt om skytters og skyteleders ansvar for hvordan resultater f\u00f8res for<br>i fremtiden unng\u00e5 uheldige episoder.<\/p>\n\n\n\n<p>Skyttere har selv et ansvar for \u00e5 kontrollere at skudd d\u00f8mmes og f\u00f8res korrekt.<br>Protest p\u00e5 d\u00f8mmingen m\u00e5 fremlegges med en gang, f\u00f8r skivene lappes. D\u00f8mte skudd p\u00e5<br>skytekortet er endelige, og kan ikke endres i etterkant.<\/p>\n\n\n\n<p>Det skal fortrinnsvis benyttes printede skytekort for den aktuelle \u00f8velsen, som skal p\u00e5f\u00f8res<br>navn, dato og hvilken \u00f8velse\/mesterskap som skytes. Benyttes det et tomt ark, skal det v\u00e6re<br>ett ark per skytter, ogs\u00e5 p\u00e5f\u00f8rt navn, dato og \u00f8velse\/mesterskap. Dette for \u00e5 unng\u00e5 misforst\u00e5elser<br>ved utregninger etterp\u00e5.<\/p>\n\n\n\n<p>Resultatf\u00f8rer kontrollerer senere resultater med elektroniske hjelpemidler (Excel regneark).<br>Det vil ikke utnevnes en endelig klubbmester f\u00f8r dette er gjort. Resultatene publiseres p\u00e5<br>klubbens websider. Dersom en skytter mener at summeringen er feil, kan klage rettes til<br>resultatf\u00f8rer innen en uke etter at resultatet er publisert. Etter dette er resultatet endelig.<br>Dato for publisering p\u00e5f\u00f8res resultatlisten p\u00e5 web.<\/p>\n\n\n\n<p>9.april 2014<\/p>\n","protected":false},"excerpt":{"rendered":"<p>Vi vil informere litt om skytters og skyteleders ansvar for hvordan resultater f\u00f8res fori fremtiden unng\u00e5 uheldige episoder. Skyttere har selv et ansvar for \u00e5&hellip;<\/p>\n","protected":false},"author":1,"featured_media":0,"parent":0,"menu_order":0,"comment_status":"closed","ping_status":"closed","template":"","meta":{"footnotes":""},"class_list":["post-125","page","type-page","status-publish","hentry"],"_links":{"self":[{"href":"https:\/\/kjellerskyteklubb.no\/wordpress\/index.php\/wp-json\/wp\/v2\/pages\/125","targetHints":{"allow":["GET"]}}],"collection":[{"href":"https:\/\/kjellerskyteklubb.no\/wordpress\/index.php\/wp-json\/wp\/v2\/pages"}],"about":[{"href":"https:\/\/kjellerskyteklubb.no\/wordpress\/index.php\/wp-json\/wp\/v2\/types\/page"}],"author":[{"embeddable":true,"href":"https:\/\/kjellerskyteklubb.no\/wordpress\/index.php\/wp-json\/wp\/v2\/users\/1"}],"replies":[{"embeddable":true,"href":"https:\/\/kjellerskyteklubb.no\/wordpress\/index.php\/wp-json\/wp\/v2\/comments?post=125"}],"version-history":[{"count":2,"href":"https:\/\/kjellerskyteklubb.no\/wordpress\/index.php\/wp-json\/wp\/v2\/pages\/125\/revisions"}],"predecessor-version":[{"id":127,"href":"https:\/\/kjellerskyteklubb.no\/wordpress\/index.php\/wp-json\/wp\/v2\/pages\/125\/revisions\/127"}],"wp:attachment":[{"href":"https:\/\/kjellerskyteklubb.no\/wordpress\/index.php\/wp-json\/wp\/v2\/media?parent=125"}],"curies":[{"name":"wp","href":"https:\/\/api.w.org\/{rel}","templated":true}]}}