{"id":179,"date":"2022-12-11T13:42:37","date_gmt":"2022-12-11T13:42:37","guid":{"rendered":"https:\/\/kjellerskyteklubb.no\/wordpress\/?page_id=179"},"modified":"2022-12-11T13:44:04","modified_gmt":"2022-12-11T13:44:04","slug":"parkering-skedsmohallen","status":"publish","type":"page","link":"https:\/\/kjellerskyteklubb.no\/wordpress\/index.php\/parkering-skedsmohallen\/","title":{"rendered":"Parkering Skedsmohallen"},"content":{"rendered":"\n<p>Det har v\u00e6rt tilfeller hvor brukere av idrettsomr\u00e5dene ved Skedsmohallen har blitt avkrevet parkeringsavgift ved st\u00f8rre<br>arrangementer i omr\u00e5det. Dette skal ikke skje. Etter kontakt med idrettsansvarlig i kommunen, har vi<br>mottatt brevet som gjengis i sin helhet her.<\/p>\n\n\n\n<p>Brev fra Park- og idrettsavdelingen i kultursektoren i Skedsmo Kommune:<\/p>\n\n\n\n<div class=\"wp-block-group\"><div class=\"wp-block-group__inner-container is-layout-constrained wp-block-group-is-layout-constrained\">\n<p class=\"has-vivid-cyan-blue-color has-text-color\" style=\"font-size:18px\"><strong>REGLER VED UTLEIE AV P-PLASSENE VED SKEDSMOHALLEN<\/strong><\/p>\n\n\n\n<p class=\"has-vivid-cyan-blue-color has-text-color\" style=\"font-size:18px\">Arrang\u00f8rer av store arrangementer kan etter s\u00f8knad f\u00e5 mulighet til \u00e5 ta parkeringsavgift for bes\u00f8kende til eget arrangement. Det m\u00e5 foreligge en egen avtale om dette p\u00e5 forh\u00e5nd.<\/p>\n\n\n\n<p class=\"has-vivid-cyan-blue-color has-text-color\" style=\"font-size:18px\">Kriterier for \u00e5 f\u00e5 slike tillatelser er bl.a. at det er behov for \u00e5 sikre god trafikkflyt i omr\u00e5det og at det er behov for \u00e5 regulere parkeringen p\u00e5 P-plassene.<\/p>\n\n\n\n<p class=\"has-vivid-cyan-blue-color has-text-color\" style=\"font-size:18px;text-decoration:underline\"><mark style=\"background-color:rgba(0, 0, 0, 0)\" class=\"has-inline-color has-vivid-red-color\">Brukere av andre tilbud i Skedsmohallen, som for eksempel bes\u00f8kende til bowlingen, brukere av andre utleielokaler i Skedsmohallen, Lillestr\u00f8m stadion eller turg\u00e5ere\/trimmere som skal benytte omkringliggende friomr\u00e5der skal ikke avkreves parkeringsavgift.<\/mark><\/p>\n\n\n\n<p class=\"has-vivid-cyan-blue-color has-text-color\" style=\"font-size:18px\">Handikapplassene skal forbeholdes funksjonshemmede med parkeringsbevis.<\/p>\n\n\n\n<p class=\"has-vivid-cyan-blue-color has-text-color\" style=\"font-size:18px\">Arrang\u00f8ren plikter \u00e5 p\u00e5se at utrykningskj\u00f8ret\u00f8yer sikres tilstrekkelig plass for kj\u00f8ring til og fra anlegget. Det skal v\u00e6re fritt for parkering foran begge bommene.<\/p>\n\n\n\n<p class=\"has-vivid-cyan-blue-color has-text-color\" style=\"font-size:18px\">Arrang\u00f8r som inng\u00e5r avtale om \u00e5 benytte parkeringsavgift plikter \u00e5 stille med tilstrekkelig mannskap og materiell for \u00e5 sikre forsvarlig trafikkflyt og parkering p\u00e5 omr\u00e5det.<\/p>\n<\/div><\/div>\n","protected":false},"excerpt":{"rendered":"<p>Det har v\u00e6rt tilfeller hvor brukere av idrettsomr\u00e5dene ved Skedsmohallen har blitt avkrevet parkeringsavgift ved st\u00f8rrearrangementer i omr\u00e5det. Dette skal ikke skje. Etter kontakt med&hellip;<\/p>\n","protected":false},"author":1,"featured_media":0,"parent":0,"menu_order":0,"comment_status":"closed","ping_status":"closed","template":"","meta":{"footnotes":""},"class_list":["post-179","page","type-page","status-publish","hentry"],"_links":{"self":[{"href":"https:\/\/kjellerskyteklubb.no\/wordpress\/index.php\/wp-json\/wp\/v2\/pages\/179","targetHints":{"allow":["GET"]}}],"collection":[{"href":"https:\/\/kjellerskyteklubb.no\/wordpress\/index.php\/wp-json\/wp\/v2\/pages"}],"about":[{"href":"https:\/\/kjellerskyteklubb.no\/wordpress\/index.php\/wp-json\/wp\/v2\/types\/page"}],"author":[{"embeddable":true,"href":"https:\/\/kjellerskyteklubb.no\/wordpress\/index.php\/wp-json\/wp\/v2\/users\/1"}],"replies":[{"embeddable":true,"href":"https:\/\/kjellerskyteklubb.no\/wordpress\/index.php\/wp-json\/wp\/v2\/comments?post=179"}],"version-history":[{"count":2,"href":"https:\/\/kjellerskyteklubb.no\/wordpress\/index.php\/wp-json\/wp\/v2\/pages\/179\/revisions"}],"predecessor-version":[{"id":182,"href":"https:\/\/kjellerskyteklubb.no\/wordpress\/index.php\/wp-json\/wp\/v2\/pages\/179\/revisions\/182"}],"wp:attachment":[{"href":"https:\/\/kjellerskyteklubb.no\/wordpress\/index.php\/wp-json\/wp\/v2\/media?parent=179"}],"curies":[{"name":"wp","href":"https:\/\/api.w.org\/{rel}","templated":true}]}}