{"id":184,"date":"2022-12-11T13:50:00","date_gmt":"2022-12-11T13:50:00","guid":{"rendered":"https:\/\/kjellerskyteklubb.no\/wordpress\/?page_id=184"},"modified":"2025-01-26T19:04:16","modified_gmt":"2025-01-26T19:04:16","slug":"startkort-og-klasseforing","status":"publish","type":"page","link":"https:\/\/kjellerskyteklubb.no\/wordpress\/index.php\/startkort-og-klasseforing\/","title":{"rendered":"Startkort og Klassef\u00f8ring"},"content":{"rendered":"\n<p>Fra og med 2017 er det ikke klubbenes ansvar \u00e5 dele ut startkort lenger.<br>Startkort m\u00e5 hver enkelt laste ned p\u00e5:&nbsp;<a rel=\"noreferrer noopener\" href=\"https:\/\/app.skyting.no\/\" target=\"_blank\">app.skyting.no<\/a><br>Beskrivelse fra skyting.no:&nbsp;<a href=\"https:\/\/www.skyting.no\/konkurranse\/skytteradmin-slik-bruker-du-skytteradmin-skyttere\/\" target=\"_blank\" rel=\"noreferrer noopener\">Slik bruker du skytteradmin &#8211; Skytter<\/a><\/p>\n\n\n\n<p>Startkort er noe man trenger om man skal delta i stevner eller mesterskap slik at arrang\u00f8r<br>vet hvilken klasse man skal delta i. V\u00e5penkontoret \u00f8nsker ogs\u00e5 kopi av dette ved s\u00f8knad om nytt v\u00e5pen.<br>Klassef\u00f8ring<\/p>\n\n\n\n<p>Slik <strong><em>kan<\/em><\/strong> et startkort se ut:<\/p>\n\n\n\n<figure class=\"wp-block-image size-full\"><img loading=\"lazy\" decoding=\"async\" width=\"489\" height=\"652\" src=\"https:\/\/kjellerskyteklubb.no\/wordpress\/wp-content\/uploads\/2025\/01\/Startkort_generisk.png\" alt=\"\" class=\"wp-image-462\" srcset=\"https:\/\/kjellerskyteklubb.no\/wordpress\/wp-content\/uploads\/2025\/01\/Startkort_generisk.png 489w, https:\/\/kjellerskyteklubb.no\/wordpress\/wp-content\/uploads\/2025\/01\/Startkort_generisk-225x300.png 225w\" sizes=\"auto, (max-width: 489px) 100vw, 489px\" \/><\/figure>\n\n\n\n<ul class=\"wp-block-list\">\n<li>Startkort inneholder ikke info om veteran- eller juniorklasse.<\/li>\n\n\n\n<li>Resultater fra stevner og mesterskap legges n\u00e5 inn i en sentral database fortl\u00f8pende slik at opprykk\/nedrykk ved overgang til nytt skytter\u00e5r h\u00e5ndteres automatisk.<\/li>\n\n\n\n<li><strong>Dersom noe er feil, eller det ikke er listet noen \u00f8velser i det hele tatt, ta kontakt med styret eller &laquo;klassef\u00f8ringsansvarlig&raquo; i klubben.<\/strong><\/li>\n<\/ul>\n","protected":false},"excerpt":{"rendered":"<p>Fra og med 2017 er det ikke klubbenes ansvar \u00e5 dele ut startkort lenger.Startkort m\u00e5 hver enkelt laste ned p\u00e5:&nbsp;app.skyting.noBeskrivelse fra skyting.no:&nbsp;Slik bruker du skytteradmin&hellip;<\/p>\n","protected":false},"author":1,"featured_media":0,"parent":0,"menu_order":0,"comment_status":"closed","ping_status":"closed","template":"","meta":{"footnotes":""},"class_list":["post-184","page","type-page","status-publish","hentry"],"_links":{"self":[{"href":"https:\/\/kjellerskyteklubb.no\/wordpress\/index.php\/wp-json\/wp\/v2\/pages\/184","targetHints":{"allow":["GET"]}}],"collection":[{"href":"https:\/\/kjellerskyteklubb.no\/wordpress\/index.php\/wp-json\/wp\/v2\/pages"}],"about":[{"href":"https:\/\/kjellerskyteklubb.no\/wordpress\/index.php\/wp-json\/wp\/v2\/types\/page"}],"author":[{"embeddable":true,"href":"https:\/\/kjellerskyteklubb.no\/wordpress\/index.php\/wp-json\/wp\/v2\/users\/1"}],"replies":[{"embeddable":true,"href":"https:\/\/kjellerskyteklubb.no\/wordpress\/index.php\/wp-json\/wp\/v2\/comments?post=184"}],"version-history":[{"count":3,"href":"https:\/\/kjellerskyteklubb.no\/wordpress\/index.php\/wp-json\/wp\/v2\/pages\/184\/revisions"}],"predecessor-version":[{"id":464,"href":"https:\/\/kjellerskyteklubb.no\/wordpress\/index.php\/wp-json\/wp\/v2\/pages\/184\/revisions\/464"}],"wp:attachment":[{"href":"https:\/\/kjellerskyteklubb.no\/wordpress\/index.php\/wp-json\/wp\/v2\/media?parent=184"}],"curies":[{"name":"wp","href":"https:\/\/api.w.org\/{rel}","templated":true}]}}