{"id":48,"date":"2022-12-10T16:41:07","date_gmt":"2022-12-10T16:41:07","guid":{"rendered":"https:\/\/kjellerskyteklubb.no\/wordpress\/?page_id=48"},"modified":"2026-03-14T10:57:24","modified_gmt":"2026-03-14T10:57:24","slug":"resultater","status":"publish","type":"page","link":"https:\/\/kjellerskyteklubb.no\/wordpress\/index.php\/resultater\/","title":{"rendered":"Resultater"},"content":{"rendered":"\n<p><a href=\"https:\/\/kjellerskyteklubb.no\/wordpress\/index.php\/info-til-skyttere-og-skyteledere-vedrorende-domming-og-foring-avresultater-ved-klubbmesterskap\/\" data-type=\"page\" data-id=\"125\">Info til skyttere og skyteledere vedr\u00f8rende d\u00f8mming og f\u00f8ring av resultater ved klubbmesterskap.<\/a><\/p>\n\n\n\n<hr class=\"wp-block-separator has-alpha-channel-opacity is-style-wide\"\/>\n\n\n\n<p><a href=\"..\/..\/..\/res\/NAISres.html\" data-type=\"URL\" target=\"_blank\" rel=\"noreferrer noopener\">Oppn\u00e5dde merkekrav NAIS<\/a><\/p>\n\n\n\n<hr class=\"wp-block-separator has-alpha-channel-opacity is-style-wide\"\/>\n\n\n\n<p class=\"has-medium-font-size\"><strong>Klubbmesterskap 2026<\/strong><\/p>\n\n\n\n<div class=\"wp-block-file\"><a id=\"wp-block-file--media-1975781a-c421-45a3-b293-c6d2e0781ed9\" href=\"https:\/\/kjellerskyteklubb.no\/wordpress\/wp-content\/uploads\/2026\/03\/2026_Klubbmesterskap_Luftpistol.pdf\">2026_Klubbmesterskap_Luftpistol<\/a><\/div>\n\n\n\n<div class=\"wp-block-file\"><a id=\"wp-block-file--media-4aa677db-514b-4430-9610-fd9fdfd31baa\" href=\"https:\/\/kjellerskyteklubb.no\/wordpress\/wp-content\/uploads\/2026\/03\/2026_Klubbmesterskap_Hurtig_Fin.pdf\">2026_Klubbmesterskap_Hurtig_Fin<\/a><\/div>\n\n\n\n<hr class=\"wp-block-separator has-alpha-channel-opacity is-style-wide\"\/>\n\n\n\n<p class=\"has-medium-font-size\"><strong>Klubbmesterskap 2025<\/strong><\/p>\n\n\n\n<div class=\"wp-block-file\"><a id=\"wp-block-file--media-65e6f469-0486-44e7-8c5f-921f3fe87239\" href=\"https:\/\/kjellerskyteklubb.no\/wordpress\/wp-content\/uploads\/2025\/03\/2025_Klubbmesterskap_Hurtig_Fin.pdf\">2025_Klubbmesterskap_Hurtig_Fin<\/a><\/div>\n\n\n\n<div class=\"wp-block-file\"><a id=\"wp-block-file--media-36f2a186-6dc5-416b-bea5-3919df8f533c\" href=\"https:\/\/kjellerskyteklubb.no\/wordpress\/wp-content\/uploads\/2025\/03\/2025_Klubbmesterskap_Luftpistol.pdf\">2025_Klubbmesterskap_Luftpistol<\/a><\/div>\n\n\n\n<div class=\"wp-block-file\"><a id=\"wp-block-file--media-902cfe75-3476-41ac-bffa-78c6f13a509e\" href=\"https:\/\/kjellerskyteklubb.no\/wordpress\/wp-content\/uploads\/2025\/05\/2025_Klubbmesterskap_VM_FIN.pdf\">2025_Klubbmesterskap_VM_FIN<\/a><\/div>\n\n\n\n<div class=\"wp-block-file\"><a id=\"wp-block-file--media-8d06431e-f0ad-4e9e-aa9e-eeb3b022fce0\" href=\"https:\/\/kjellerskyteklubb.no\/wordpress\/wp-content\/uploads\/2025\/06\/2025_Klubbmesterskap_Finfelt.pdf\">2025_Klubbmesterskap_Finfelt<\/a><\/div>\n\n\n\n<div class=\"wp-block-file\"><a id=\"wp-block-file--media-eb2dd952-675a-4428-8508-dd38b6f1498f\" href=\"https:\/\/kjellerskyteklubb.no\/wordpress\/wp-content\/uploads\/2025\/06\/2025_Klubbmesterskap_Militaerfelt.pdf\">2025_Klubbmesterskap_Milit\u00e6rfelt<\/a><\/div>\n\n\n\n<div class=\"wp-block-file\"><a id=\"wp-block-file--media-13d213e4-f899-49ea-8f10-56fc32d2df72\" href=\"https:\/\/kjellerskyteklubb.no\/wordpress\/wp-content\/uploads\/2025\/06\/2025_Klubbmesterskap_Revolverfelt.pdf\">2025_Klubbmesterskap_Revolverfelt<\/a><\/div>\n\n\n\n<div class=\"wp-block-file\"><a id=\"wp-block-file--media-4ee72326-425b-408e-825c-be405ff90387\" href=\"https:\/\/kjellerskyteklubb.no\/wordpress\/wp-content\/uploads\/2025\/06\/2025_Klubbmesterskap_Grovfelt.pdf\">2025_Klubbmesterskap_Grovfelt<\/a><\/div>\n\n\n\n<div class=\"wp-block-file\"><a id=\"wp-block-file--media-4767ef7e-1456-45a3-b469-b0b0bc32f081\" href=\"https:\/\/kjellerskyteklubb.no\/wordpress\/wp-content\/uploads\/2025\/11\/2025_Klubbmesterskap_Presisjon.pdf\">2025_Klubbmesterskap_Presisjon<\/a><\/div>\n\n\n\n<div class=\"wp-block-file\"><a id=\"wp-block-file--media-71a50f1f-143c-4fce-84d2-841def389847\" href=\"https:\/\/kjellerskyteklubb.no\/wordpress\/wp-content\/uploads\/2025\/11\/2025_Klubbmesterskap_Standard.pdf\">2025_Klubbmesterskap_Standard<\/a><\/div>\n\n\n\n<div class=\"wp-block-file\"><a id=\"wp-block-file--media-8e318046-ea48-4e2c-a511-2585779bd7a0\" href=\"https:\/\/kjellerskyteklubb.no\/wordpress\/wp-content\/uploads\/2025\/11\/2025_Klubbmesterskap_Luftsprint.pdf\">2025_Klubbmesterskap_Luftsprint<\/a><\/div>\n\n\n\n<hr class=\"wp-block-separator has-alpha-channel-opacity is-style-wide\"\/>\n\n\n\n<p class=\"has-medium-font-size\"><strong>Klubbmesterskap 2024<\/strong><\/p>\n\n\n\n<div class=\"wp-block-file\"><a id=\"wp-block-file--media-c9aaa907-bf17-4cf0-892b-0a3d49c0ac45\" href=\"https:\/\/kjellerskyteklubb.no\/wordpress\/wp-content\/uploads\/2024\/03\/2024_Klubbmesterskap_Luftpistol.pdf\">2024_Klubbmesterskap_Luftpistol<\/a><\/div>\n\n\n\n<div class=\"wp-block-file\"><a id=\"wp-block-file--media-55864f4a-8408-4095-af82-b43754702d2a\" href=\"https:\/\/kjellerskyteklubb.no\/wordpress\/wp-content\/uploads\/2024\/03\/2024_Klubbmesterskap_Hurtig_Fin.pdf\">2024_Klubbmesterskap_Hurtig_Fin<\/a><\/div>\n\n\n\n<div class=\"wp-block-file\"><a id=\"wp-block-file--media-0f73a869-4f87-4556-ae05-08085eafa26c\" href=\"https:\/\/kjellerskyteklubb.no\/wordpress\/wp-content\/uploads\/2024\/06\/2024_Klubbmesterskap_VM_FIN.pdf\">2024_Klubbmesterskap_VM_FIN<\/a><\/div>\n\n\n\n<div class=\"wp-block-file\"><a id=\"wp-block-file--media-97348d70-8e10-4e95-bade-8323ab37b482\" href=\"https:\/\/kjellerskyteklubb.no\/wordpress\/wp-content\/uploads\/2024\/06\/2024_Klubbmesterskap_Finfelt.pdf\">2024_Klubbmesterskap_Finfelt<\/a><\/div>\n\n\n\n<div class=\"wp-block-file\"><a id=\"wp-block-file--media-03075f99-ea71-42a3-a7ed-d8ac9e835720\" href=\"https:\/\/kjellerskyteklubb.no\/wordpress\/wp-content\/uploads\/2024\/06\/2024_Klubbmesterskap_Militaerfelt.pdf\">2024_Klubbmesterskap_Militaerfelt<\/a><\/div>\n\n\n\n<div class=\"wp-block-file\"><a id=\"wp-block-file--media-dab51fef-16ee-4acf-9084-016585b85665\" href=\"https:\/\/kjellerskyteklubb.no\/wordpress\/wp-content\/uploads\/2024\/06\/2024_Klubbmesterskap_Grovfelt.pdf\">2024_Klubbmesterskap_Grovfelt<\/a><\/div>\n\n\n\n<div class=\"wp-block-file\"><a id=\"wp-block-file--media-05b89699-7fe1-44b9-81c8-efda03624d72\" href=\"https:\/\/kjellerskyteklubb.no\/wordpress\/wp-content\/uploads\/2024\/06\/2024_Klubbmesterskap_Revolverfelt.pdf\">2024_Klubbmesterskap_Revolverfelt<\/a><\/div>\n\n\n\n<div class=\"wp-block-file\"><a id=\"wp-block-file--media-ed815819-d263-4942-898e-aa8965f4f0ba\" href=\"https:\/\/kjellerskyteklubb.no\/wordpress\/wp-content\/uploads\/2024\/11\/2024_Klubbmesterskap_Presisjon-1.pdf\">2024_Klubbmesterskap_Presisjon<\/a><\/div>\n\n\n\n<div class=\"wp-block-file\"><a id=\"wp-block-file--media-41a5050f-9725-46f5-8e12-b3fa05e8993a\" href=\"https:\/\/kjellerskyteklubb.no\/wordpress\/wp-content\/uploads\/2024\/11\/2024_Klubbmesterskap_LuftSprint.pdf\">2024_Klubbmesterskap_LuftSprint<\/a><\/div>\n\n\n\n<div class=\"wp-block-file\"><a id=\"wp-block-file--media-083c6537-623b-4618-a7d9-1a6235a53e1e\" href=\"https:\/\/kjellerskyteklubb.no\/wordpress\/wp-content\/uploads\/2024\/12\/2024_Klubbmesterskap_Standard.pdf\">2024_Klubbmesterskap_Standard<\/a><\/div>\n\n\n\n<hr class=\"wp-block-separator has-alpha-channel-opacity is-style-wide\"\/>\n\n\n\n<p class=\"has-medium-font-size\"><strong>Klubbmesterskap 2023<\/strong><\/p>\n\n\n\n<div class=\"wp-block-file\"><a id=\"wp-block-file--media-9da9197c-68d1-4f15-b265-f4dca51c5e60\" href=\"https:\/\/kjellerskyteklubb.no\/wordpress\/wp-content\/uploads\/2023\/03\/2023_Klubbmesterskap_Hurtig_Fin.pdf\">2023_Klubbmesterskap_Hurtig_Fin<\/a><a href=\"https:\/\/kjellerskyteklubb.no\/wordpress\/wp-content\/uploads\/2023\/03\/2023_Klubbmesterskap_Hurtig_Fin.pdf\" class=\"wp-block-file__button wp-element-button\" download aria-describedby=\"wp-block-file--media-9da9197c-68d1-4f15-b265-f4dca51c5e60\">Last ned<\/a><\/div>\n\n\n\n<div class=\"wp-block-file\"><a id=\"wp-block-file--media-792a218d-8ab5-43bc-9e39-a6c5c7a26b4c\" href=\"https:\/\/kjellerskyteklubb.no\/wordpress\/wp-content\/uploads\/2023\/03\/2023_Klubbmesterskap_Luftpistol.pdf\">2023_Klubbmesterskap_Luftpistol<\/a><a href=\"https:\/\/kjellerskyteklubb.no\/wordpress\/wp-content\/uploads\/2023\/03\/2023_Klubbmesterskap_Luftpistol.pdf\" class=\"wp-block-file__button wp-element-button\" download aria-describedby=\"wp-block-file--media-792a218d-8ab5-43bc-9e39-a6c5c7a26b4c\">Last ned<\/a><\/div>\n\n\n\n<div class=\"wp-block-file\"><a id=\"wp-block-file--media-945c4a5d-0778-4a70-8e00-e51b1227e5d5\" href=\"https:\/\/kjellerskyteklubb.no\/wordpress\/wp-content\/uploads\/2023\/06\/2023_Klubbmesterskap_VM_FIN.pdf\">2023_Klubbmesterskap_VM_FIN<\/a><a href=\"https:\/\/kjellerskyteklubb.no\/wordpress\/wp-content\/uploads\/2023\/06\/2023_Klubbmesterskap_VM_FIN.pdf\" class=\"wp-block-file__button wp-element-button\" download aria-describedby=\"wp-block-file--media-945c4a5d-0778-4a70-8e00-e51b1227e5d5\">Last ned<\/a><\/div>\n\n\n\n<div class=\"wp-block-file\"><a id=\"wp-block-file--media-a9561bab-2984-4c84-8f77-5b9240fec830\" href=\"https:\/\/kjellerskyteklubb.no\/wordpress\/wp-content\/uploads\/2023\/06\/2023_Klubbmesterskap_Militaerfelt.pdf\">2023_Klubbmesterskap_Militaerfelt<\/a><a href=\"https:\/\/kjellerskyteklubb.no\/wordpress\/wp-content\/uploads\/2023\/06\/2023_Klubbmesterskap_Militaerfelt.pdf\" class=\"wp-block-file__button wp-element-button\" download aria-describedby=\"wp-block-file--media-a9561bab-2984-4c84-8f77-5b9240fec830\">Last ned<\/a><\/div>\n\n\n\n<div class=\"wp-block-file\"><a id=\"wp-block-file--media-e8344b65-801a-45f1-85b7-f07844d7ee0e\" href=\"https:\/\/kjellerskyteklubb.no\/wordpress\/wp-content\/uploads\/2023\/06\/2023_Klubbmesterskap_Finfelt.pdf\">2023_Klubbmesterskap_Finfelt<\/a><a href=\"https:\/\/kjellerskyteklubb.no\/wordpress\/wp-content\/uploads\/2023\/06\/2023_Klubbmesterskap_Finfelt.pdf\" class=\"wp-block-file__button wp-element-button\" download aria-describedby=\"wp-block-file--media-e8344b65-801a-45f1-85b7-f07844d7ee0e\">Last ned<\/a><\/div>\n\n\n\n<div class=\"wp-block-file\"><a id=\"wp-block-file--media-7fccdf23-3ce1-4989-8735-13a01ed1ef99\" href=\"https:\/\/kjellerskyteklubb.no\/wordpress\/wp-content\/uploads\/2023\/07\/2023_Klubbmesterskap_Grovfelt.pdf\">2023_Klubbmesterskap_Grovfelt<\/a><a href=\"https:\/\/kjellerskyteklubb.no\/wordpress\/wp-content\/uploads\/2023\/07\/2023_Klubbmesterskap_Grovfelt.pdf\" class=\"wp-block-file__button wp-element-button\" download aria-describedby=\"wp-block-file--media-7fccdf23-3ce1-4989-8735-13a01ed1ef99\">Last ned<\/a><\/div>\n\n\n\n<div class=\"wp-block-file\"><a id=\"wp-block-file--media-cf9faf73-4d77-4374-9bff-f1c5b273a9b1\" href=\"https:\/\/kjellerskyteklubb.no\/wordpress\/wp-content\/uploads\/2023\/07\/2023_Klubbmesterskap_Revolverfelt.pdf\">2023_Klubbmesterskap_Revolverfelt<\/a><a href=\"https:\/\/kjellerskyteklubb.no\/wordpress\/wp-content\/uploads\/2023\/07\/2023_Klubbmesterskap_Revolverfelt.pdf\" class=\"wp-block-file__button wp-element-button\" download aria-describedby=\"wp-block-file--media-cf9faf73-4d77-4374-9bff-f1c5b273a9b1\">Last ned<\/a><\/div>\n\n\n\n<div class=\"wp-block-file\"><a id=\"wp-block-file--media-fecb9256-094b-47d5-80d2-c9b88956eabd\" href=\"https:\/\/kjellerskyteklubb.no\/wordpress\/wp-content\/uploads\/2023\/10\/2023_Klubbmesterskap_Presisjon.pdf\">2023_Klubbmesterskap_Presisjon<\/a><a href=\"https:\/\/kjellerskyteklubb.no\/wordpress\/wp-content\/uploads\/2023\/10\/2023_Klubbmesterskap_Presisjon.pdf\" class=\"wp-block-file__button wp-element-button\" download aria-describedby=\"wp-block-file--media-fecb9256-094b-47d5-80d2-c9b88956eabd\">Last ned<\/a><\/div>\n\n\n\n<div class=\"wp-block-file\"><a id=\"wp-block-file--media-6d465825-66fd-4c50-83a0-c8eda0b17810\" href=\"https:\/\/kjellerskyteklubb.no\/wordpress\/wp-content\/uploads\/2023\/11\/2023_Klubbmesterskap_Luftsprint.pdf\">2023_Klubbmesterskap_Luftsprint<\/a><a href=\"https:\/\/kjellerskyteklubb.no\/wordpress\/wp-content\/uploads\/2023\/11\/2023_Klubbmesterskap_Luftsprint.pdf\" class=\"wp-block-file__button wp-element-button\" download aria-describedby=\"wp-block-file--media-6d465825-66fd-4c50-83a0-c8eda0b17810\">Last ned<\/a><\/div>\n\n\n\n<div class=\"wp-block-file\"><a id=\"wp-block-file--media-be5d9e53-e5db-4507-8a41-3d12920e33ab\" href=\"https:\/\/kjellerskyteklubb.no\/wordpress\/wp-content\/uploads\/2023\/11\/2023_Klubbmesterskap_Standard.pdf\">2023_Klubbmesterskap_Standard<\/a><a href=\"https:\/\/kjellerskyteklubb.no\/wordpress\/wp-content\/uploads\/2023\/11\/2023_Klubbmesterskap_Standard.pdf\" class=\"wp-block-file__button wp-element-button\" download aria-describedby=\"wp-block-file--media-be5d9e53-e5db-4507-8a41-3d12920e33ab\">Last ned<\/a><\/div>\n\n\n\n<hr class=\"wp-block-separator has-alpha-channel-opacity is-style-wide\"\/>\n\n\n\n<p><a href=\"..\/..\/..\/res\/res22.html\" target=\"_blank\" rel=\"noreferrer noopener\">Resultater tidligere \u00e5r<\/a><\/p>\n\n\n\n<hr class=\"wp-block-separator has-alpha-channel-opacity is-style-wide\"\/>\n","protected":false},"excerpt":{"rendered":"<p>Info til skyttere og skyteledere vedr\u00f8rende d\u00f8mming og f\u00f8ring av resultater ved klubbmesterskap. Oppn\u00e5dde merkekrav NAIS Klubbmesterskap 2026 Klubbmesterskap 2025 Klubbmesterskap 2024 Klubbmesterskap 2023 Resultater&hellip;<\/p>\n","protected":false},"author":1,"featured_media":0,"parent":0,"menu_order":0,"comment_status":"closed","ping_status":"closed","template":"","meta":{"footnotes":""},"class_list":["post-48","page","type-page","status-publish","hentry"],"_links":{"self":[{"href":"https:\/\/kjellerskyteklubb.no\/wordpress\/index.php\/wp-json\/wp\/v2\/pages\/48","targetHints":{"allow":["GET"]}}],"collection":[{"href":"https:\/\/kjellerskyteklubb.no\/wordpress\/index.php\/wp-json\/wp\/v2\/pages"}],"about":[{"href":"https:\/\/kjellerskyteklubb.no\/wordpress\/index.php\/wp-json\/wp\/v2\/types\/page"}],"author":[{"embeddable":true,"href":"https:\/\/kjellerskyteklubb.no\/wordpress\/index.php\/wp-json\/wp\/v2\/users\/1"}],"replies":[{"embeddable":true,"href":"https:\/\/kjellerskyteklubb.no\/wordpress\/index.php\/wp-json\/wp\/v2\/comments?post=48"}],"version-history":[{"count":48,"href":"https:\/\/kjellerskyteklubb.no\/wordpress\/index.php\/wp-json\/wp\/v2\/pages\/48\/revisions"}],"predecessor-version":[{"id":582,"href":"https:\/\/kjellerskyteklubb.no\/wordpress\/index.php\/wp-json\/wp\/v2\/pages\/48\/revisions\/582"}],"wp:attachment":[{"href":"https:\/\/kjellerskyteklubb.no\/wordpress\/index.php\/wp-json\/wp\/v2\/media?parent=48"}],"curies":[{"name":"wp","href":"https:\/\/api.w.org\/{rel}","templated":true}]}}