{"id":64,"date":"2022-12-10T16:58:30","date_gmt":"2022-12-10T16:58:30","guid":{"rendered":"https:\/\/kjellerskyteklubb.no\/wordpress\/?page_id=64"},"modified":"2025-12-03T21:20:33","modified_gmt":"2025-12-03T21:20:33","slug":"nye-medlemmer","status":"publish","type":"page","link":"https:\/\/kjellerskyteklubb.no\/wordpress\/index.php\/nye-medlemmer\/","title":{"rendered":"Nye medlemmer"},"content":{"rendered":"\n<p>Kjeller Skyteklubb er en klubb av og for pistolskyttere.<br>Vi holder til i Kjeller-\/Lillestr\u00f8momr\u00e5det i Lillestr\u00f8m kommune.<\/p>\n\n\n\n<p>Vi er tilsluttet Norges Skytterforbund og ligger under Akershus skytterkrets.<\/p>\n\n\n\n<figure class=\"wp-block-image size-full\"><img loading=\"lazy\" decoding=\"async\" width=\"225\" height=\"115\" src=\"https:\/\/kjellerskyteklubb.no\/wordpress\/wp-content\/uploads\/2022\/12\/Forbund_Krets.png\" alt=\"\" class=\"wp-image-171\"\/><\/figure>\n\n\n\n<p>Pistolskyting er en morsom hobby og idrett. Her finnes ingen \u00f8vre aldersgrense.<br>Kjeller Skyteklubb \u00f8nsker nye medlemmer velkommen, uansett om du allerede er skytter eller nybegynner.<\/p>\n\n\n\n<p>Vi trener og konkurrerer innen baneskyting, fin- og grovpistol, feltpistol og luftpistol.<\/p>\n\n\n\n<p><strong>Nybegynnere<\/strong><\/p>\n\n\n\n<p>For \u00e5 starte med pistolskyting er det et krav at du gjennomg\u00e5r et to dagers sikkerhetskurs.<br>Det gis oppl\u00e6ring i sikkerhetsregler og grunnregler i pistolskyting.<br>Vi arrangerer kurs normalt to ganger i \u00e5ret, vanligvis i februar og i oktober. Se terminliste for datoer. <\/p>\n\n\n\n<p>Kursavgift er kr 2300,- hvor kr 300,- m\u00e5 betales ved p\u00e5melding. VIPPS nr: 610536, merkes med &laquo;KURS&raquo;. Resterende betales via VIPPS eller kontant ved kursstart. Dersom en ikke m\u00f8ter opp ved kursstart vil IKKE kr 300,- bli refundert. Det tas forbehold om minimum fem deltagere.<\/p>\n\n\n\n<p>For p\u00e5melding, ta kontakt via SMS til:<br>Tom Olsen: 95043554, eller<br>Kenn Nielsen: 91805648<\/p>\n\n\n\n<p>Etter kurs m\u00e5 du trene aktivt i 6 m\u00e5neder f\u00f8r du kan erverve deg eget v\u00e5pen.<br>I mellomtiden l\u00e5ner klubben deg v\u00e5pen p\u00e5 banen. Dette er v\u00e5pen i kaliber .22LR.<\/p>\n\n\n\n<p><strong>Innmelding<\/strong><\/p>\n\n\n\n<p>Er du skytter og \u00f8nsker \u00e5 bli medlem hos oss, m\u00e5 du selv melde deg inn her: <a href=\"https:\/\/medlemskap.nif.no\">https:\/\/medlemskap.nif.no<\/a><\/p>\n\n\n\n<p>Medlemskontingent for ordin\u00e6re medlemmer i 2025: Kr 950,-<\/p>\n\n\n\n<p>\u00d8nsker du mer informasjon om kurs, ta&nbsp;<a href=\"http:\/\/www.kjellerskyteklubb.net\/kontakt.html\">kontakt<\/a>&nbsp;med oss.<br>Velkommen til en morsom og sosial hobby og idrett!<\/p>\n","protected":false},"excerpt":{"rendered":"<p>Kjeller Skyteklubb er en klubb av og for pistolskyttere.Vi holder til i Kjeller-\/Lillestr\u00f8momr\u00e5det i Lillestr\u00f8m kommune. Vi er tilsluttet Norges Skytterforbund og ligger under Akershus&hellip;<\/p>\n","protected":false},"author":1,"featured_media":0,"parent":0,"menu_order":0,"comment_status":"closed","ping_status":"closed","template":"","meta":{"footnotes":""},"class_list":["post-64","page","type-page","status-publish","hentry"],"_links":{"self":[{"href":"https:\/\/kjellerskyteklubb.no\/wordpress\/index.php\/wp-json\/wp\/v2\/pages\/64","targetHints":{"allow":["GET"]}}],"collection":[{"href":"https:\/\/kjellerskyteklubb.no\/wordpress\/index.php\/wp-json\/wp\/v2\/pages"}],"about":[{"href":"https:\/\/kjellerskyteklubb.no\/wordpress\/index.php\/wp-json\/wp\/v2\/types\/page"}],"author":[{"embeddable":true,"href":"https:\/\/kjellerskyteklubb.no\/wordpress\/index.php\/wp-json\/wp\/v2\/users\/1"}],"replies":[{"embeddable":true,"href":"https:\/\/kjellerskyteklubb.no\/wordpress\/index.php\/wp-json\/wp\/v2\/comments?post=64"}],"version-history":[{"count":17,"href":"https:\/\/kjellerskyteklubb.no\/wordpress\/index.php\/wp-json\/wp\/v2\/pages\/64\/revisions"}],"predecessor-version":[{"id":534,"href":"https:\/\/kjellerskyteklubb.no\/wordpress\/index.php\/wp-json\/wp\/v2\/pages\/64\/revisions\/534"}],"wp:attachment":[{"href":"https:\/\/kjellerskyteklubb.no\/wordpress\/index.php\/wp-json\/wp\/v2\/media?parent=64"}],"curies":[{"name":"wp","href":"https:\/\/api.w.org\/{rel}","templated":true}]}}