{"id":65,"date":"2022-12-10T16:58:30","date_gmt":"2022-12-10T16:58:30","guid":{"rendered":"https:\/\/kjellerskyteklubb.no\/wordpress\/?page_id=65"},"modified":"2022-12-11T15:17:32","modified_gmt":"2022-12-11T15:17:32","slug":"kontaktinfo","status":"publish","type":"page","link":"https:\/\/kjellerskyteklubb.no\/wordpress\/index.php\/kontaktinfo\/","title":{"rendered":"Kontaktinfo"},"content":{"rendered":"\n<p><strong>Postadresse:<\/strong><\/p>\n\n\n\n<p>Kjeller Skyteklubb<br>Postboks 16<br>2021 Skedsmokorset<\/p>\n\n\n\n<p><\/p>\n\n\n\n<p><strong>E-postadresse:<\/strong><\/p>\n\n\n\n<p>post[at]kjellerskyteklubb.no<\/p>\n\n\n\n<p><\/p>\n\n\n\n<p><strong>P\u00e5melding og sp\u00f8rsm\u00e5l vedr kurs:<\/strong><\/p>\n\n\n\n<p>Kenn Nielsen tlf: 91805648<\/p>\n\n\n\n<p>Tom Olsen tlf: 95043554<\/p>\n\n\n\n<p><\/p>\n\n\n\n<p><strong>Politiattester<\/strong>:<\/p>\n\n\n\n<p>Tom Olsen tlf: 95043554<\/p>\n\n\n\n<p><\/p>\n\n\n\n<p><strong>Resultatf\u00f8ring \/ Startkort<\/strong>:<\/p>\n\n\n\n<p>admin[at]kjellerskyteklubb.no<\/p>\n\n\n\n<p><\/p>\n\n\n\n<p><strong>Sp\u00f8rsm\u00e5l, ris og ros vedr webl\u00f8sning<\/strong>:<\/p>\n\n\n\n<p>admin[at]kjellerskyteklubb.no<\/p>\n\n\n\n<p><strong>Klubbens facebookside (Privat gruppe kun for klubbens medlemmer):<\/strong><\/p>\n\n\n\n<p><a href=\"https:\/\/www.facebook.com\/groups\/455709827865800\" data-type=\"URL\" data-id=\"https:\/\/www.facebook.com\/groups\/455709827865800\" target=\"_blank\" rel=\"noreferrer noopener\">https:\/\/www.facebook.com\/groups\/455709827865800<\/a><\/p>\n","protected":false},"excerpt":{"rendered":"<p>Postadresse: Kjeller SkyteklubbPostboks 162021 Skedsmokorset E-postadresse: post[at]kjellerskyteklubb.no P\u00e5melding og sp\u00f8rsm\u00e5l vedr kurs: Kenn Nielsen tlf: 91805648 Tom Olsen tlf: 95043554 Politiattester: Tom Olsen tlf: 95043554&hellip;<\/p>\n","protected":false},"author":1,"featured_media":0,"parent":0,"menu_order":0,"comment_status":"closed","ping_status":"closed","template":"","meta":{"footnotes":""},"class_list":["post-65","page","type-page","status-publish","hentry"],"_links":{"self":[{"href":"https:\/\/kjellerskyteklubb.no\/wordpress\/index.php\/wp-json\/wp\/v2\/pages\/65","targetHints":{"allow":["GET"]}}],"collection":[{"href":"https:\/\/kjellerskyteklubb.no\/wordpress\/index.php\/wp-json\/wp\/v2\/pages"}],"about":[{"href":"https:\/\/kjellerskyteklubb.no\/wordpress\/index.php\/wp-json\/wp\/v2\/types\/page"}],"author":[{"embeddable":true,"href":"https:\/\/kjellerskyteklubb.no\/wordpress\/index.php\/wp-json\/wp\/v2\/users\/1"}],"replies":[{"embeddable":true,"href":"https:\/\/kjellerskyteklubb.no\/wordpress\/index.php\/wp-json\/wp\/v2\/comments?post=65"}],"version-history":[{"count":7,"href":"https:\/\/kjellerskyteklubb.no\/wordpress\/index.php\/wp-json\/wp\/v2\/pages\/65\/revisions"}],"predecessor-version":[{"id":219,"href":"https:\/\/kjellerskyteklubb.no\/wordpress\/index.php\/wp-json\/wp\/v2\/pages\/65\/revisions\/219"}],"wp:attachment":[{"href":"https:\/\/kjellerskyteklubb.no\/wordpress\/index.php\/wp-json\/wp\/v2\/media?parent=65"}],"curies":[{"name":"wp","href":"https:\/\/api.w.org\/{rel}","templated":true}]}}