{"id":67,"date":"2022-12-10T16:58:30","date_gmt":"2022-12-10T16:58:30","guid":{"rendered":"https:\/\/kjellerskyteklubb.no\/wordpress\/?page_id=67"},"modified":"2022-12-11T14:43:45","modified_gmt":"2022-12-11T14:43:45","slug":"salgsartikler","status":"publish","type":"page","link":"https:\/\/kjellerskyteklubb.no\/wordpress\/index.php\/salgsartikler\/","title":{"rendered":"Salgsartikler"},"content":{"rendered":"\n<figure class=\"wp-block-table\"><table><tbody><tr><td><img loading=\"lazy\" decoding=\"async\" width=\"150\" height=\"75\" class=\"wp-image-198\" style=\"width: 150px;\" src=\"https:\/\/kjellerskyteklubb.no\/wordpress\/wp-content\/uploads\/2022\/12\/tskjorte.jpg\" alt=\"\" srcset=\"https:\/\/kjellerskyteklubb.no\/wordpress\/wp-content\/uploads\/2022\/12\/tskjorte.jpg 400w, https:\/\/kjellerskyteklubb.no\/wordpress\/wp-content\/uploads\/2022\/12\/tskjorte-300x149.jpg 300w\" sizes=\"auto, (max-width: 150px) 100vw, 150px\" \/><\/td><td>T-Skjorte med klubblogo og tekst.<br>Kr 150,-<\/td><\/tr><tr><td><img loading=\"lazy\" decoding=\"async\" width=\"150\" height=\"112\" class=\"wp-image-199\" style=\"width: 150px;\" src=\"https:\/\/kjellerskyteklubb.no\/wordpress\/wp-content\/uploads\/2022\/12\/caps.jpg\" alt=\"\" srcset=\"https:\/\/kjellerskyteklubb.no\/wordpress\/wp-content\/uploads\/2022\/12\/caps.jpg 324w, https:\/\/kjellerskyteklubb.no\/wordpress\/wp-content\/uploads\/2022\/12\/caps-300x223.jpg 300w\" sizes=\"auto, (max-width: 150px) 100vw, 150px\" \/><\/td><td>Caps med klubblogo <br>Kr 150,-<\/td><\/tr><tr><td><\/td><td>T\u00f8ymerke med klubblogo<br>Kr 30,-<\/td><\/tr><tr><td><\/td><td>Pins med klubblogo<br>Kr 80,-<\/td><\/tr><\/tbody><\/table><\/figure>\n\n\n\n<p>Alle varene kan kj\u00f8pes p\u00e5 skytebanen i Skedsmohallen p\u00e5 vanlige treningskvelder. Ta kontakt med skyteleder eller representanter fra styret.<\/p>\n","protected":false},"excerpt":{"rendered":"<p>T-Skjorte med klubblogo og tekst.Kr 150,- Caps med klubblogo Kr 150,- T\u00f8ymerke med klubblogoKr 30,- Pins med klubblogoKr 80,- Alle varene kan kj\u00f8pes p\u00e5 skytebanen&hellip;<\/p>\n","protected":false},"author":1,"featured_media":0,"parent":0,"menu_order":0,"comment_status":"closed","ping_status":"closed","template":"","meta":{"footnotes":""},"class_list":["post-67","page","type-page","status-publish","hentry"],"_links":{"self":[{"href":"https:\/\/kjellerskyteklubb.no\/wordpress\/index.php\/wp-json\/wp\/v2\/pages\/67","targetHints":{"allow":["GET"]}}],"collection":[{"href":"https:\/\/kjellerskyteklubb.no\/wordpress\/index.php\/wp-json\/wp\/v2\/pages"}],"about":[{"href":"https:\/\/kjellerskyteklubb.no\/wordpress\/index.php\/wp-json\/wp\/v2\/types\/page"}],"author":[{"embeddable":true,"href":"https:\/\/kjellerskyteklubb.no\/wordpress\/index.php\/wp-json\/wp\/v2\/users\/1"}],"replies":[{"embeddable":true,"href":"https:\/\/kjellerskyteklubb.no\/wordpress\/index.php\/wp-json\/wp\/v2\/comments?post=67"}],"version-history":[{"count":2,"href":"https:\/\/kjellerskyteklubb.no\/wordpress\/index.php\/wp-json\/wp\/v2\/pages\/67\/revisions"}],"predecessor-version":[{"id":200,"href":"https:\/\/kjellerskyteklubb.no\/wordpress\/index.php\/wp-json\/wp\/v2\/pages\/67\/revisions\/200"}],"wp:attachment":[{"href":"https:\/\/kjellerskyteklubb.no\/wordpress\/index.php\/wp-json\/wp\/v2\/media?parent=67"}],"curies":[{"name":"wp","href":"https:\/\/api.w.org\/{rel}","templated":true}]}}